{"id":555,"date":"2021-11-02T19:21:13","date_gmt":"2021-11-02T17:21:13","guid":{"rendered":"https:\/\/actopix.com\/?page_id=555"},"modified":"2021-11-02T19:22:52","modified_gmt":"2021-11-02T17:22:52","slug":"mentions-legales","status":"publish","type":"page","link":"https:\/\/actopix.com\/en\/mentions-legales\/","title":{"rendered":"Legal Notices"},"content":{"rendered":"<h2 class=\"wp-block-heading\">Infos soci\u00e9t\u00e9<\/h2>\n\n\n\n<p>D\u00e9nomination sociale :&nbsp;<em>ACTOPIX (Charlie Bourguignat)<\/em><br>Siret :&nbsp;82201971700021<br>Si\u00e8ge social : 18 rue Marcel Cerdan 31140 St-Alban<\/p>\n\n\n\n<p>Directeur de la publication du site : Charlie Bourguignat.<\/p>\n\n\n\n<p>Le site est h\u00e9berg\u00e9 par HostPapa.<\/p>\n\n\n\n<p>10-12, avenue de L\u2019Arche<br>Faubourg de L\u2019Arche Courbevoie Cedex<br>92419 Paris La D\u00e9fense FRANCE T\u00e9l : 0800 907 197<br>www.hostpapa.eu<\/p>\n\n\n\n<h2 class=\"wp-block-heading\">Propri\u00e9t\u00e9 intellectuelle<\/h2>\n\n\n\n<p>L\u2019ensemble de ce site rel\u00e8ve de la l\u00e9gislation fran\u00e7aise et internationale sur le droit d\u2019auteur et la propri\u00e9t\u00e9 intellectuelle.<\/p>\n\n\n\n<p>Tous les droits de reproduction sont r\u00e9serv\u00e9s, y compris les repr\u00e9sentations iconographiques et photographiques.<\/p>\n\n\n\n<p>La reproduction de tout ou partie de ce site sur un support quel qu\u2019il soit, est formellement interdite sauf autorisation expresse du responsable du site. Veuillez nous consulter par l\u2019interm\u00e9diaire du formulaire de contact.<\/p>\n\n\n\n<h2 class=\"wp-block-heading\">Donn\u00e9es personnelles<\/h2>\n\n\n\n<p>Conform\u00e9ment \u00e0 la l\u00e9gislation fran\u00e7aise, le site actopix.com est d\u00e9clar\u00e9 \u00e0 la CNIL sous le num\u00e9ro 1593709 v 0&nbsp;.<\/p>\n\n\n\n<p>L\u2019exploitant du site web d\u00e9clare avoir respect\u00e9 les obligations issues de la loi informatique, fichiers et libert\u00e9s du 6 janvier 1978 modifi\u00e9e et notamment offrir aux utilisateurs un droit de s\u2019opposer \u00e0 ce que les informations qu\u2019il d\u00e9tient soient communiqu\u00e9es \u00e0 des tiers ainsi qu\u2019un droit d\u2019acc\u00e8s et de rectification portant sur les donn\u00e9es les concernant.<\/p>\n\n\n\n<h2 class=\"wp-block-heading\">Conditions d\u2019utilisation<\/h2>\n\n\n\n<p>Le site&nbsp;<a href=\"https:\/\/actopix.com\/en\/\">https:\/\/actopix.com\/<\/a>&nbsp;est propos\u00e9 en diff\u00e9rents langages web (HTML, HTML5, Javascript, CSS, etc\u2026) pour un confort d\u2019utilisation et un graphisme optimal,&nbsp;je vous&nbsp;recommande de recourir \u00e0 des navigateurs modernes comme Internet Explorer, Safari, Firefox, Google Chrome par exemple.<\/p>\n\n\n\n<p><em>ACTOPIX<\/em>&nbsp;met en \u0153uvre tous les moyens dont&nbsp;il dispose, pour assurer une information fiable et une mise \u00e0 jour fiable de&nbsp;son site internet.<\/p>\n\n\n\n<p>Toutefois, des erreurs ou omissions peuvent survenir.<\/p>\n\n\n\n<p>L\u2019internaute devra donc s\u2019assurer de l\u2019exactitude des informations aupr\u00e8s d\u2019<em>ACTOPIX<\/em>&nbsp;et signaler toutes modifications du site qu\u2019il jugerait utile.&nbsp;<\/p>\n\n\n\n<p><em>ACTOPIX&nbsp;<\/em>n\u2019est en aucun cas responsable de l\u2019utilisation faite de ces informations, et de tout pr\u00e9judice direct ou indirect pouvant en d\u00e9couler.<\/p>\n\n\n\n<h2 class=\"wp-block-heading\">Cookies<\/h2>\n\n\n\n<p>Le site &nbsp;<a href=\"https:\/\/actopix.com\/en\/\">https:\/\/actopix.com\/<\/a>&nbsp; peut-\u00eatre amen\u00e9 \u00e0 vous demander l\u2019acceptation des cookies pour des besoins de statistiques et d\u2019affichage.<\/p>\n\n\n\n<p>Un cookie est une information d\u00e9pos\u00e9e sur votre disque dur par le serveur du site que vous visitez.<\/p>\n\n\n\n<p>Il contient plusieurs donn\u00e9es qui sont stock\u00e9es sur votre ordinateur dans un simple fichier texte auquel un serveur acc\u00e8de pour lire et enregistrer des informations.<\/p>\n\n\n\n<p>Certaines parties de ce site ne peuvent \u00eatre fonctionnelle sans l\u2019acceptation de cookies.<\/p>\n\n\n\n<h2 class=\"wp-block-heading\">Liens hypertextes<\/h2>\n\n\n\n<p>Les sites internet de peuvent offrir des liens vers d\u2019autres sites internet ou d\u2019autres ressources disponibles sur Internet.<\/p>\n\n\n\n<p><em>ACTOPIX&nbsp;<\/em>ne dispose d\u2019aucun moyen pour contr\u00f4ler les sites en connexion avec ses sites internet qui ne r\u00e9pond pas de la disponibilit\u00e9 de tels sites et sources externes, ni ne la garantit.<\/p>\n\n\n\n<p>Elle ne peut \u00eatre tenue pour responsable de tout dommage, de quelque nature que ce soit, r\u00e9sultant du contenu de ces sites ou sources externes, et notamment des informations, produits ou services qu\u2019ils proposent, ou de tout usage qui peut \u00eatre fait de ces \u00e9l\u00e9ments.<\/p>\n\n\n\n<p>Les risques li\u00e9s \u00e0 cette utilisation incombent pleinement \u00e0 l\u2019internaute, qui doit se conformer \u00e0 leurs conditions d\u2019utilisation.<\/p>\n\n\n\n<p>Les utilisateurs, les abonn\u00e9s et les visiteurs des sites internet de ne peuvent mettre en place un hyperlien en direction de ce site sans l\u2019autorisation expresse et pr\u00e9alable d\u2019<em>ACTOPIX<\/em>.<\/p>\n\n\n\n<p>Dans l\u2019hypoth\u00e8se o\u00f9 un utilisateur ou visiteur souhaiterait mettre en place un hyperlien en direction d\u2019un des sites internet d\u2019<em>ACTOPIX<\/em>, il lui appartiendra d\u2019adresser un email accessible sur le site afin de formuler sa demande de mise en place d\u2019un hyperlien.<\/p>\n\n\n\n<p><em>ACTOPIX\u00a0<\/em>se r\u00e9serve le droit d\u2019accepter ou de refuser un hyperlien sans avoir \u00e0 en justifier sa d\u00e9cision.<\/p>\n\n\n\n<p><\/p>","protected":false},"excerpt":{"rendered":"<p>Infos soci\u00e9t\u00e9 D\u00e9nomination sociale :&nbsp;ACTOPIX (Charlie Bourguignat)Siret :&nbsp;82201971700021Si\u00e8ge social : 18 rue Marcel Cerdan 31140 St-Alban Directeur de la publication du site : Charlie Bourguignat. Le site est h\u00e9berg\u00e9 par HostPapa. 10-12, avenue de L\u2019ArcheFaubourg de L\u2019Arche Courbevoie Cedex92419 Paris La D\u00e9fense FRANCE T\u00e9l : 0800 907 197www.hostpapa.eu Propri\u00e9t\u00e9 intellectuelle L\u2019ensemble de ce site rel\u00e8ve [&hellip;]<\/p>\n","protected":false},"author":2,"featured_media":0,"parent":0,"menu_order":0,"comment_status":"closed","ping_status":"closed","template":"","meta":{"_et_pb_use_builder":"off","_et_pb_old_content":"","_et_gb_content_width":"1080","footnotes":""},"class_list":["post-555","page","type-page","status-publish","hentry"],"aioseo_notices":[],"_hostinger_reach_plugin_has_subscription_block":false,"_hostinger_reach_plugin_is_elementor":false,"_links":{"self":[{"href":"https:\/\/actopix.com\/en\/wp-json\/wp\/v2\/pages\/555","targetHints":{"allow":["GET"]}}],"collection":[{"href":"https:\/\/actopix.com\/en\/wp-json\/wp\/v2\/pages"}],"about":[{"href":"https:\/\/actopix.com\/en\/wp-json\/wp\/v2\/types\/page"}],"author":[{"embeddable":true,"href":"https:\/\/actopix.com\/en\/wp-json\/wp\/v2\/users\/2"}],"replies":[{"embeddable":true,"href":"https:\/\/actopix.com\/en\/wp-json\/wp\/v2\/comments?post=555"}],"version-history":[{"count":0,"href":"https:\/\/actopix.com\/en\/wp-json\/wp\/v2\/pages\/555\/revisions"}],"wp:attachment":[{"href":"https:\/\/actopix.com\/en\/wp-json\/wp\/v2\/media?parent=555"}],"curies":[{"name":"wp","href":"https:\/\/api.w.org\/{rel}","templated":true}]}}